{"id":3,"date":"2022-06-13T10:31:56","date_gmt":"2022-06-13T08:31:56","guid":{"rendered":"https:\/\/heureka-kreativ.hu\/?page_id=3"},"modified":"2022-06-14T17:12:31","modified_gmt":"2022-06-14T15:12:31","slug":"adatkezelesi-tajekoztato","status":"publish","type":"page","link":"https:\/\/heureka-kreativ.hu\/english\/privacy-policy\/","title":{"rendered":"<p>Privacy Policy<\/p>"},"content":{"rendered":"<p>Our privacy policy is currently only available in Hungarian.<br><br>Az \u00e1ltalad megadott szem\u00e9lyes adatokat kezeli:<p><strong>heureka Kreat\u00edv Kft.<\/strong><br><strong>Headquarters:<\/strong>&nbsp;1136 Budapest, T\u00e1tra utca 5\/a \u00e9p. al. 2., Hungary<br><strong>EU VAT number:<\/strong>&nbsp;25855041-2-41<br><strong>Company registration no:<\/strong>&nbsp;01-09-292790<\/p><p>Nyilv&aacute;ntart&aacute;sba bejegyz? b&iacute;r&oacute;s&aacute;g: F?v&aacute;rosi T&ouml;rv&eacute;nysz&eacute;k C&eacute;gb&iacute;r&oacute;s&aacute;ga &ndash; a tov&aacute;bbiakban:&nbsp;<strong>Adatkezel?.<\/strong><\/p><p>K&eacute;rj&uuml;k, figyelmesen olvasd el jelen adatkezel&eacute;si t&aacute;j&eacute;koztat&oacute;nkat (a tov&aacute;bbiakban:&nbsp;<strong>T&aacute;j&eacute;koztat&oacute;<\/strong>), melyben szem&eacute;lyes adataid kezel&eacute;s&eacute;t &eacute;rint? gyakorlatunkat ismertetj&uuml;k az &Aacute;ltal&aacute;nos Adatv&eacute;delmi Rendelet (a GDPR, azaz az Eur&oacute;pai Parlament &eacute;s Tan&aacute;cs 2016\/679. rendelete) szerint. Ez a T&aacute;j&eacute;koztat&oacute; az Adatkezel? szolg&aacute;ltat&aacute;sait fogyaszt&oacute;k&eacute;nt ig&eacute;nybe vev? szem&eacute;lyekre (<strong>Te<\/strong>) vonatkozik. Bemutatja, hogy az Adatkezel? hogyan gy?jti, haszn&aacute;lja fel &eacute;s osztja meg bizonyos esetekben harmadik felekkel a Te szem&eacute;lyes adataidat, tov&aacute;bb&aacute; inform&aacute;ci&oacute;val szolg&aacute;l a Te adatkezel&eacute;ssel &ouml;sszef&uuml;gg? ?&eacute;rintetti? jogaidr&oacute;l.<\/p><p>Az Adatkezel? (<a href=\"\/english\/impresszum\/\">Impressum<\/a>) elk&ouml;telezett e honlapot felkeres? egy&eacute;nek szem&eacute;lyes adatainak &eacute;s mag&aacute;n&eacute;let&eacute;nek v&eacute;delme ir&aacute;nt. Jelen t&aacute;j&eacute;koztat&oacute; &eacute;s nyilatkozat mindenekel?tt az &uuml;gyfelek &eacute;s h&iacute;rlev&eacute;l-feliratkoz&oacute;k szem&eacute;lyes adatainak interneten kereszt&uuml;l t&ouml;rt&eacute;n? bizalmas kezel&eacute;s&eacute;r?l &eacute;s v&eacute;delm&eacute;r?l sz&oacute;l, mindazon&aacute;ltal ide tartoznak az oldal l&aacute;togat&oacute;i is. &Ouml;sszefoglaljuk, hogy a tulajdonos milyen R&aacute;d vonatkoz&oacute; adatokat hogyan gy?jthet &eacute;s haszn&aacute;lhat fel, illetve milyen m&oacute;don haszn&aacute;lhatj&aacute;k fel. Az adatok illet&eacute;ktelen szem&eacute;lyek r&eacute;sz&eacute;re nem ker&uuml;lnek &aacute;tad&aacute;sra &eacute;s ezen t&aacute;j&eacute;koztat&oacute;ban meghat&aacute;rozott form&aacute;ban ker&uuml;lnek felhaszn&aacute;l&aacute;sra.<\/p><p>A szerz?d&eacute;sekben egyedi esetekben az adatkezel&eacute;s c&eacute;lja m&oacute;dosulhat, mely az adott szerz?d&eacute;sben r&ouml;gz&iacute;tett felt&eacute;telekkel t&ouml;rt&eacute;nik.<\/p><p>A t&aacute;j&eacute;koztat&oacute; fontos inform&aacute;ci&oacute;t ny&uacute;jt Neked szem&eacute;lyes adataid v&eacute;delm&eacute;r?l &eacute;s ehhez f?z?d? jogaidr&oacute;l. Ha a felhaszn&aacute;l&oacute; nem fogadja el ezen felt&eacute;teleket, jog&aacute;ban &aacute;ll a honlap haszn&aacute;lat&aacute;t felf&uuml;ggeszteni &eacute;s szem&eacute;lyes adat megad&aacute;sa n&eacute;lk&uuml;l a b&ouml;ng&eacute;sz&eacute;st befejezni.<\/p><h2 class=\"wp-block-heading\">ADATKEZEL? FELEL?SS&Eacute;GE &Eacute;S EL&Eacute;RHET?S&Eacute;GE<\/h2><h3 class=\"wp-block-heading\">1.1 ADATKEZEL&Eacute;SSEL KAPCSOLATOS INFORM&Aacute;CI&Oacute;K<\/h3><p>Jelen T&aacute;j&eacute;koztat&oacute;ban ismertetett adatkezel&eacute;sek tekintet&eacute;ben&nbsp;<strong>heureka Kreat\u00edv Kft.<\/strong>&nbsp;az adatkezel? (a tov&aacute;bbiakban:&nbsp;<strong>Adatkezel?<\/strong>).<\/p><p>Adatv&eacute;delmi elj&aacute;r&aacute;sainkat &eacute;rint? &eacute;szrev&eacute;tel, k&eacute;rd&eacute;s vagy panasz eset&eacute;n az al&aacute;bbi el&eacute;rhet?s&eacute;geken vagyunk el&eacute;rhet?ek:&nbsp;<strong>heureka Kreat&iacute;v Kft<\/strong>, 1136 Budapest, T&aacute;tra utca 5\/a &eacute;p. al. 2. vagy &iacute;rj a&nbsp;<a href=\"mailto:hello@heureka-kreativ.hu\">hello@heureka-kreativ.hu<\/a>&nbsp;e-mail c&iacute;mre.<\/p><figure class=\"wp-block-table\"><table><thead><tr><th>Adatkezel?<\/th><th>Felel?ss&eacute;gi k&ouml;r&ouml;k<\/th><\/tr><\/thead><tbody><tr><td><strong>Heureka Kreat&iacute;v Kft.<\/strong><br>1136 Budapest, T\u00e1tra utca 5\/a \u00e9p. al. 2., Hungary<\/td><td>&Ouml;sszes tev&eacute;kenys&eacute;g<\/td><\/tr><\/tbody><\/table><\/figure><p>V&aacute;laszt&aacute;sodnak megfelel?en Te a szem&eacute;lyes adataid megad&aacute;sa n&eacute;lk&uuml;l is jogosult vagy hozz&aacute;f&eacute;rni weboldalainkhoz, viszont a b&ouml;ng&eacute;sz&eacute;shez elengedhetetlen a s&uuml;ti &ndash; cookie szab&aacute;lyzat elfogad&aacute;sa, h&iacute;rlev&eacute;l-feliratkoz&aacute;s eset&eacute;n pedig az adatkezel&eacute;si t&aacute;j&eacute;koztat&oacute; j&oacute;v&aacute;hagy&aacute;sa. Szem&eacute;lyes adat az &ouml;sszes inform&aacute;ci&oacute;, amely k&ouml;zvetett vagy k&ouml;zvetlen m&oacute;don, azonos&iacute;t&oacute; sz&aacute;m szerint vagy az ehhez tartoz&oacute; adatok alapj&aacute;n azonos&iacute;that&oacute; term&eacute;szetes szem&eacute;lyre vonatkozik. Abban az esetben, hogyha az oldal Tulajdonosa a szem&eacute;lyes adataidat gy?jti, az adatgy?jt&eacute;s &aacute;tl&aacute;that&oacute; &eacute;s bizalmas adatkezel&eacute;ssel t&ouml;rt&eacute;nik.<\/p><p>A szem&eacute;lyes adataid olyan inform&aacute;ci&oacute;k, melyek seg&iacute;ts&eacute;g&eacute;vel a szem&eacute;lyed beazonos&iacute;that&oacute;, p&eacute;ld&aacute;ul: vezet&eacute;kn&eacute;v, ut&oacute;n&eacute;v, telefonsz&aacute;m, postac&iacute;m, e-mail c&iacute;m. A szem&eacute;lyes adataidat &ouml;nk&eacute;ntesen megadott m&oacute;don, a tulajdonos az oldalon t&ouml;rt&eacute;n? b&ouml;ng&eacute;sz&eacute;skor gy?jti, megjel&ouml;lve minden esetben a c&eacute;l el&eacute;r&eacute;s&eacute;hez sz&uuml;ks&eacute;gszer?en megadand&oacute; adatokat. Ha nem k&iacute;v&aacute;nod megadni ezen adatokat, akkor nem f&eacute;rhetsz hozz&aacute; a honlap egyes funkci&oacute;ihoz, szolg&aacute;ltat&aacute;saihoz. Az opcion&aacute;lisan megadand&oacute; adatok gy?jt&eacute;se a felhaszn&aacute;l&oacute;i ig&eacute;nyek megismer&eacute;s&eacute;t, a honlap &eacute;s szolg&aacute;ltat&aacute;sok fejleszt&eacute;s&eacute;t szolg&aacute;lja.<\/p><p>A Tulajdonos minden int&eacute;zked&eacute;st megtesz, hogy az &aacute;ltala kezelt szem&eacute;lyes adatok pontosak, naprak&eacute;szek legyenek.<\/p><h4 class=\"wp-block-heading\">AZ AL&Aacute;BBI SZEM&Eacute;LYES ADATOK KEZEL&Eacute;SE T&Ouml;RT&Eacute;NIK:<\/h4><ul class=\"wp-block-list\"><li>C&eacute;gn&eacute;v &eacute;s kapcsolattart&oacute; neve (vezet&eacute;k &eacute;s keresztn&eacute;v)<\/li><li>Sz&eacute;khely c&iacute;me<\/li><li>Ad&oacute;sz&aacute;m<\/li><li>E-mail c&iacute;m<\/li><li>Telefonsz&aacute;m<\/li><li>Weboldal URL c&iacute;me<\/li><li>Weboldallal felmer&uuml;l? probl&eacute;m&aacute;k<\/li><li>Rendszer inform&aacute;ci&oacute;k (IP-c&iacute;m, rendszer verzi&oacute;, felbont&aacute;s, statisztika a honlapon megtekintett oldalakr&oacute;l, b&ouml;ng&eacute;sz&eacute;si szok&aacute;sok, viselked&eacute;si mint&aacute;zat)<\/li><\/ul><h4 class=\"wp-block-heading\">ADATKEZEL&Eacute;S ID?TARTAMA:<\/h4><ul class=\"wp-block-list\"><li>Direkt marketing c&eacute;l&uacute; hozz&aacute;j&aacute;rul&aacute;sok tekintet&eacute;ben a felhaszn&aacute;l&oacute; hozz&aacute;j&aacute;rul&aacute;s&aacute;nak visszavon&aacute;s&aacute;ig<\/li><li>V&aacute;s&aacute;rl&aacute;sok adatai tekintet&eacute;ben a Sz&aacute;mv. tv. 169. &sect; (2) bekezd&eacute;se alapj&aacute;n 8 &eacute;v<\/li><\/ul><h4 class=\"wp-block-heading\">ADATTOV&Aacute;BB&Iacute;T&Aacute;S FELT&Eacute;TELEI<\/h4><p>Az Adatkezel? az &aacute;ltala kezelt adatokat &ndash; a sz&uuml;ks&eacute;ges m&eacute;rt&eacute;kben &ndash; tov&aacute;bb&iacute;thatja a k&ouml;vetkez? ter&uuml;leteken tev&eacute;kenyked?, &aacute;ltala kijel&ouml;lt szem&eacute;lyek, valamint t&aacute;rsas&aacute;gok r&eacute;sz&eacute;re:<\/p><ul class=\"wp-block-list\"><li>Adatfeldolgoz&aacute;s<\/li><li>Jogi k&eacute;pviselet<\/li><li>Jogvit&aacute;k kezel&eacute;s&eacute;re jogszab&aacute;ly alapj&aacute;n jogosult szervek<\/li><li>K&ouml;nyvel&eacute;s<\/li><li>K&ouml;vetel&eacute;skezel&eacute;s<\/li><li>Marketing<\/li><li>Sz&aacute;ml&aacute;z&aacute;s<\/li><li>Teljes&iacute;t&eacute;shez ig&eacute;nybe vett alv&aacute;llalkoz&oacute;k<\/li><\/ul><h4 class=\"wp-block-heading\">ADATFELDOLGOZ&Aacute;ST V&Eacute;GZ? VAGY ADATKEZEL&Eacute;ST &Eacute;RINT? C&Eacute;GEK, SZEM&Eacute;LYEK<\/h4><p>A tulajdonos,&nbsp;<strong>heureka Kreat\u00edv Kft.<\/strong>&nbsp;v&eacute;gzi az adatok kezel&eacute;s&eacute;t. A tulajdonoson k&iacute;v&uuml;l m&aacute;s c&eacute;gek is r&eacute;szt vesznek a szerz?d&eacute;ses &uuml;gyfelek adatainak kezel&eacute;s&eacute;ben, t&aacute;rol&aacute;s&aacute;ban.<\/p><h4 class=\"wp-block-heading\">MELY C&Eacute;GEK KAPCSOL&Oacute;DNAK AZ ADATKEZEL&Eacute;SHEZ?<\/h4><p>A Tulajdonos tev&eacute;kenys&eacute;ge sor&aacute;n az adatkezel&eacute;sben &eacute;rintett c&eacute;gek:<\/p><ul class=\"wp-block-list\"><li>K&ouml;nyvel?:&nbsp;<strong>Berger K&ouml;nyvel?iroda Kft.:<\/strong>&nbsp;1136 Budapest, T&aacute;tra utca 5\/a,&nbsp;<a href=\"tel:+3617001414\">06 1 700 1414<\/a>,&nbsp;<a href=\"mailto:info@bergerkonyvelo.hu\">info@bergerkonyvelo.hu<\/a>&nbsp;?&nbsp;<a href=\"https:\/\/bergerkonyvelo.hu\/adatkezelesi_tajekoztato_berger_konyveloiroda_kft.pdf\" target=\"_blank\" rel=\"noreferrer noopener nofollow\">adatkezel&eacute;si t&aacute;j&eacute;koztat&oacute;<\/a><\/li><li>T&aacute;rhely szolg&aacute;ltat&oacute;:&nbsp;<strong>DigitalOcean, Llc.:<\/strong>&nbsp;101 Avenue of the Americas 10th Floor New York, NY 10013 USA,&nbsp;<a href=\"https:\/\/digitalocean.com\/\" target=\"_blank\" rel=\"noreferrer noopener nofollow\">https:\/\/digitalocean.com<\/a>&nbsp;?&nbsp;<a href=\"https:\/\/www.digitalocean.com\/legal\/privacy-policy\" target=\"_blank\" rel=\"noreferrer noopener nofollow\">adatkezel&eacute;si t&aacute;j&eacute;koztat&oacute; (angol nyelven)<\/a><\/li><li><strong>Google Inc.:<\/strong>&nbsp;1600 Amphitheatre Parkway, Mountain View, CA 94043, USA,&nbsp;<a href=\"https:\/\/www.google.hu\/intl\/hu\/contact\/\" target=\"_blank\" rel=\"noreferrer noopener nofollow\">tov&aacute;bbi el&eacute;rhet?s&eacute;gek<\/a>, levelez? rendszer, felh?ben t&ouml;rt&eacute;n? adat &eacute;s f&aacute;jl t&aacute;rol&aacute;s, online dokumentum kezel&eacute;s, tov&aacute;bb&aacute; a hozz&aacute;tartoz&oacute; szolg&aacute;ltat&aacute;sok: Google Drive, Google Docs, Google Search Console, Google Analytics, Google AdSense, Google Ads, YouTube, Blogger, Chrome b&ouml;ng&eacute;sz? t&aacute;mogat&aacute;sa &ndash; Google&nbsp;<a href=\"https:\/\/support.google.com\/a\/answer\/60762?hl=en\" target=\"_blank\" rel=\"noreferrer noopener nofollow\">adatv&eacute;delme<\/a>&nbsp;&eacute;s&nbsp;<a href=\"https:\/\/policies.google.com\/privacy?hl=hu\" target=\"_blank\" rel=\"noreferrer noopener nofollow\">adatv&eacute;delmi elvei<\/a>.<\/li><li><strong>Facebook Ireland Ltd.:<\/strong>&nbsp;4 Grand Canal Square, Grand Canal Harbour, Dublin 2 Ireland, a Facebook, Instagram, Messenger &eacute;s Facebook &aacute;ltal k&iacute;n&aacute;lt egy&eacute;b term&eacute;kek, funkci&oacute;k t&aacute;mogat&aacute;sa &ndash;&nbsp;<a href=\"https:\/\/www.facebook.com\/about\/privacy\/update\" target=\"_blank\" rel=\"noreferrer noopener nofollow\">adatkezel&eacute;si szab&aacute;lyzat<\/a>&nbsp;&eacute;s&nbsp;<a href=\"https:\/\/www.facebook.com\/help\/contact\/540977946302970\" target=\"_blank\" rel=\"noreferrer noopener nofollow\">adatv&eacute;delmi tisztvisel? el&eacute;rhet?s&eacute;ge<\/a><\/li><li>Speci&aacute;lis esetekben a szerz?d&eacute;s tartalmazhat tov&aacute;bbi adatfeldolgoz&oacute; szem&eacute;lyeket vagy c&eacute;geket.<\/li><\/ul><h4 class=\"wp-block-heading\">ADATTULAJDONOSI JOGOK &Eacute;S JOG&Eacute;RV&Eacute;NYES&Iacute;T&Eacute;S<\/h4><p>Amennyiben nem szeretn&eacute;d szem&eacute;lyes adataid kereskedelmi aj&aacute;nlatok k&ouml;zl&eacute;s&eacute;re t&ouml;rt&eacute;n? felhaszn&aacute;l&aacute;s&aacute;t, jogod van mindezt indokl&aacute;s n&eacute;lk&uuml;l megtiltani. T&ouml;rl&eacute;si k&eacute;relmedet &iacute;r&aacute;sban sz&uuml;ks&eacute;ges megk&uuml;ldeni az Adatkezel? r&eacute;sz&eacute;re, e-mailben vagy postai lev&eacute;l form&aacute;j&aacute;ban, az&nbsp;<a href=\"\/english\/impresszum\/\">Impresszumban<\/a>&nbsp;megjel&ouml;lt el&eacute;rhet?s&eacute;gekre.<\/p><h4 class=\"wp-block-heading\">KISKOR&Uacute;AK &Eacute;S KORL&Aacute;TOZOTTAN CSELEKV?K&Eacute;PES SZEM&Eacute;LYES ADATAINAK V&Eacute;DELME<\/h4><p><strong>heureka Kreat\u00edv Kft.<\/strong>&nbsp;internetes weboldala, valamint megjelen&eacute;seinek tartalma t&ouml;bbnyire nem 13 &eacute;v alatti kiskor&uacute;ak r&eacute;sz&eacute;re sz&oacute;l. Nem kezel&uuml;nk &eacute;s nem gy?jt&uuml;nk 13 &eacute;v alatti gyermekekr?l szem&eacute;lyes adatokat igazolhat&oacute; sz&uuml;l?i vagy gondvisel?i hozz&aacute;j&aacute;rul&aacute;s n&eacute;lk&uuml;l. Sz&uuml;lei vagy gondvisel?i k&eacute;rhetik a gyermekre vonatkoz&oacute; adatok kiad&aacute;s&aacute;t, t&ouml;rl&eacute;s&eacute;t. Ha az Adatkezel? sz&aacute;m&aacute;ra az adatkezel&eacute;s, adatfeldolgoz&aacute;s folyam&aacute;n v&aacute;lik nyilv&aacute;nval&oacute;v&aacute; az &eacute;letkor, abban az esetben a sz&uuml;l?i hozz&aacute;j&aacute;rul&aacute;s beszerz&eacute;se c&eacute;lj&aacute;b&oacute;l az adatok felhaszn&aacute;lhat&oacute;k.<\/p><p>T&ouml;rv&eacute;nyes k&eacute;pvisel? hozz&aacute;j&aacute;rul&aacute;sa sz&uuml;ks&eacute;ges cselekv?k&eacute;ptelen &eacute;s korl&aacute;tozottan cselekv?k&eacute;pes kiskor&uacute; szem&eacute;ly nyilatkozat&aacute;hoz, kiv&eacute;ve a mindennapi &eacute;letben t&ouml;megesen el?fordul&oacute; regisztr&aacute;ci&oacute;t c&eacute;lz&oacute; &eacute;s k&uuml;l&ouml;n&ouml;sebb megfontol&aacute;st nem ig&eacute;nyl? szolg&aacute;ltat&aacute;sr&eacute;szeket.<\/p><h4 class=\"wp-block-heading\">COOKIE-K (S&Uuml;TIK) KEZEL&Eacute;SE<\/h4><p>A&nbsp;<a href=\"\/english\/cookie-policy\/\">Cookie nyilatkozatban<\/a>&nbsp;olvashatsz b?vebben a s&uuml;tik (cookie-k) kezel&eacute;s&eacute;r?l.<\/p><h3 class=\"wp-block-heading\">FOGALMAK<\/h3><ul class=\"wp-block-list\"><li><strong>Adatfeldolgoz&oacute;:<\/strong>&nbsp;term&eacute;szetes vagy jogi szem&eacute;ly, k&ouml;zhatalmi szerv, &uuml;gyn&ouml;ks&eacute;g vagy b&aacute;rmely egy&eacute;b szerv, amely az adatkezel? nev&eacute;ben szem&eacute;lyes adatokat kezel<\/li><li><strong>Adatkezel&eacute;s:<\/strong>&nbsp;a szem&eacute;lyes adatokon vagy adat&aacute;llom&aacute;nyokon automatiz&aacute;lt vagy nem automatiz&aacute;lt m&oacute;don v&eacute;gzett b&aacute;rmely m?velet vagy m?veletek &ouml;sszess&eacute;ge, p&eacute;ld&aacute;ul: gy?jt&eacute;s, r&ouml;gz&iacute;t&eacute;s, rendszerez&eacute;s, tagol&aacute;s, t&aacute;rol&aacute;s, &aacute;talak&iacute;t&aacute;s, megv&aacute;ltoztat&aacute;s, lek&eacute;rdez&eacute;s, betekint&eacute;s, felhaszn&aacute;l&aacute;s, k&ouml;zl&eacute;s, tov&aacute;bb&iacute;t&aacute;s, terjeszt&eacute;s, egy&eacute;b m&oacute;don t&ouml;rt&eacute;n? hozz&aacute;f&eacute;rhet?v&eacute; t&eacute;tel, &ouml;sszehangol&aacute;s, &ouml;sszekapcsol&aacute;s, korl&aacute;toz&aacute;s, t&ouml;rl&eacute;s, megsemmis&iacute;t&eacute;s<\/li><li><strong>Adattov&aacute;bb&iacute;t&aacute;s:<\/strong>&nbsp;az Adatkezel? &aacute;ltal kezelt szem&eacute;lyes adatok harmadik szem&eacute;lyek sz&aacute;m&aacute;ra t&ouml;rt&eacute;n? hozz&aacute;f&eacute;rhet?v&eacute; t&eacute;tele<\/li><li><strong>Adatv&eacute;delmi incidens:<\/strong>&nbsp;a biztons&aacute;g s&eacute;r&uuml;l&eacute;se, amely a tov&aacute;bb&iacute;tott, t&aacute;rolt vagy m&aacute;s m&oacute;don kezelt szem&eacute;lyes adatok v&eacute;letlen vagy jogellenes megsemmis&iacute;t&eacute;s&eacute;t, elveszt&eacute;s&eacute;t, megv&aacute;ltoztat&aacute;s&aacute;t, jogosulatlan k&ouml;zl&eacute;s&eacute;t vagy az azokhoz val&oacute; jogosulatlan hozz&aacute;f&eacute;r&eacute;st eredm&eacute;nyezi<\/li><li><strong>&Aacute;SZF:<\/strong>&nbsp;a weboldalon k&ouml;zz&eacute;tett, az Adatkezel? term&eacute;k- &eacute;s szolg&aacute;ltat&aacute;s-&eacute;rt&eacute;kes&iacute;t&eacute;si szab&aacute;lyait r&ouml;gz&iacute;t? &Aacute;ltal&aacute;nos Szerz?d&eacute;si Felt&eacute;telek<\/li><li><strong>Azonos&iacute;that&oacute; term&eacute;szetes szem&eacute;ly:<\/strong>&nbsp;term&eacute;szetes szem&eacute;ly, aki k&ouml;zvetlen vagy k&ouml;zvetett m&oacute;don, valamely azonos&iacute;t&oacute;, p&eacute;ld&aacute;ul: n&eacute;v, azonos&iacute;t&oacute; sz&aacute;m, helymeghat&aacute;roz&oacute; adat, online azonos&iacute;t&oacute;, fizikai, fiziol&oacute;giai, genetikai, szellemi, gazdas&aacute;gi, kultur&aacute;lis vagy szoci&aacute;lis azonoss&aacute;g&aacute;ra vonatkoz&oacute; egy vagy t&ouml;bb t&eacute;nyez? alapj&aacute;n azonos&iacute;that&oacute;<\/li><li><strong>C&iacute;mzett:<\/strong>&nbsp;term&eacute;szetes vagy jogi szem&eacute;ly, k&ouml;zhatalmi szerv, &uuml;gyn&ouml;ks&eacute;g vagy b&aacute;rmely egy&eacute;b szerv, amellyel a szem&eacute;lyes adatot k&ouml;zlik, f&uuml;ggetlen&uuml;l att&oacute;l, hogy harmadik f&eacute;l-e<\/li><li><strong>&Eacute;rintett hozz&aacute;j&aacute;rul&aacute;sa:<\/strong>&nbsp;az &eacute;rintett akarat&aacute;nak &ouml;nk&eacute;ntes, konkr&eacute;t, megfelel? t&aacute;j&eacute;koztat&aacute;son alapul&oacute;, egy&eacute;rtelm? kinyilv&aacute;n&iacute;t&aacute;sa, amellyel az &eacute;rintett nyilatkozat vagy a meger?s&iacute;t&eacute;st f&eacute;lre&eacute;rthetetlen&uuml;l kifejez? cselekedet &uacute;tj&aacute;n jelzi, hogy beleegyez&eacute;s&eacute;t adja az ?t &eacute;rint? szem&eacute;lyes adatok kezel&eacute;s&eacute;hez<\/li><li><strong>&Eacute;rintett:<\/strong>&nbsp;b&aacute;rmely inform&aacute;ci&oacute; alapj&aacute;n azonos&iacute;tott vagy azonos&iacute;that&oacute; term&eacute;szetes szem&eacute;ly<\/li><li><strong>Felhaszn&aacute;l&oacute;k:<\/strong>&nbsp;az Adatkezel? &aacute;ltal &uuml;zemeltetett, https:\/\/heureka-kreativ.hu weboldalon &eacute;s az ott meghat&aacute;rozott egy&eacute;b c&iacute;meken el&eacute;rhet? weboldalak l&aacute;togat&oacute;i<\/li><li><strong>Harmadik f&eacute;l:<\/strong>&nbsp;term&eacute;szetes vagy jogi szem&eacute;ly, k&ouml;zhatalmi szerv, &uuml;gyn&ouml;ks&eacute;g vagy b&aacute;rmely egy&eacute;b szerv, amely nem azonos az &eacute;rintettel, az adatkezel?vel, az adatfeldolgoz&oacute;val vagy azokkal a szem&eacute;lyekkel, akik az adatkezel? vagy adatfeldolgoz&oacute; k&ouml;zvetlen ir&aacute;ny&iacute;t&aacute;sa alatt a szem&eacute;lyes adatok kezel&eacute;s&eacute;re felhatalmaz&aacute;st kaptak<\/li><li><strong>Hat&oacute;s&aacute;g:<\/strong>&nbsp;Nemzeti Adatv&eacute;delmi &eacute;s Inform&aacute;ci&oacute;szabads&aacute;g Hat&oacute;s&aacute;g (sz&eacute;khely: 1125 Budapest, Szil&aacute;gyi Erzs&eacute;bet fasor 22\/c., telefon: 06-1 391-1400, fax: 06-1 391-1410, e-mail: ugyfelszolgalat@naih.hu, weboldal: naih.hu)<\/li><li><strong>Partner\/&Uuml;gyf&eacute;l:<\/strong>&nbsp;term&eacute;szetes szem&eacute;ly, aki az Adatkezel?vel nem weboldalon k&ouml;t szerz?d&eacute;st term&eacute;k &eacute;rt&eacute;kes&iacute;t&eacute;s&eacute;re vagy szolg&aacute;ltat&aacute;s ny&uacute;jt&aacute;s&aacute;ra<\/li><li><strong>Regisztr&aacute;ci&oacute;:<\/strong>&nbsp;a weboldal felhaszn&aacute;l&oacute; szem&eacute;lyes adatainak r&ouml;gz&iacute;t&eacute;se, mellyel felhaszn&aacute;l&oacute;i fi&oacute;kot hoz l&eacute;tre<\/li><li><strong>Szem&eacute;lyes adat:<\/strong>&nbsp;az &eacute;rintettre vonatkoz&oacute; b&aacute;rmely inform&aacute;ci&oacute;<\/li><li><strong>Szolg&aacute;ltat&aacute;s:<\/strong>&nbsp;az Adatkezel? &aacute;ltal &Uuml;gyfelei, Partnerei &eacute;s Felhaszn&aacute;l&oacute;i r&eacute;sz&eacute;re a weboldalon vagy egy&eacute;b m&oacute;don ny&uacute;jtott, az &Aacute;SZF-ben r&eacute;szletezett term&eacute;k&eacute;rt&eacute;kes&iacute;t&eacute;si &eacute;s egy&eacute;b szolg&aacute;ltat&aacute;sok<\/li><li><strong>Weboldal:<\/strong>&nbsp;az Adatkezel? &aacute;ltal &uuml;zemeltetett,&nbsp;<strong>heureka Kreat\u00edv Kft.<\/strong>&nbsp;&eacute;s az ott meghat&aacute;rozott egy&eacute;b c&iacute;meken el&eacute;rhet? weboldalai<\/li><li><strong>Easter Egg:<\/strong>&nbsp;&bdquo;Vide&oacute;j&aacute;t&eacute;kokban vagy DVD\/Blu-ray filmekben ?easter eggnek? ? magyarul h&uacute;sv&eacute;ti toj&aacute;snak ? h&iacute;vj&aacute;k az apr&oacute;, sz&aacute;nd&eacute;kosan elrejtett &eacute;s nehezen megtal&aacute;lhat&oacute;, gyakran mulats&aacute;gos egyedi r&eacute;szleteket &eacute;s tartalmakat.&rdquo; (<a href=\"https:\/\/index.hu\/tudomany\/til\/2021\/04\/05\/husveti-tojasok---masfele-ertelemben\/\" target=\"_blank\" rel=\"noreferrer noopener nofollow\">forr&aacute;s<\/a>)<\/li><\/ul><\/p>","protected":false},"excerpt":{"rendered":"<p>Az &aacute;ltalad megadott szem&eacute;lyes adatokat kezeli: heureka Kreat&iacute;v Kft.Sz&eacute;khely:&nbsp;1136 Budapest, T&aacute;tra utca 5\/a &eacute;p. al. 2.Ad&oacute;sz&aacute;m:&nbsp;25855041-2-41C&eacute;gjegyz&eacute;ksz&aacute;m:&nbsp;01-09-292790 Nyilv&aacute;ntart&aacute;sba bejegyz? b&iacute;r&oacute;s&aacute;g: F?v&aacute;rosi T&ouml;rv&eacute;nysz&eacute;k C&eacute;gb&iacute;r&oacute;s&aacute;ga &ndash; a tov&aacute;bbiakban:&nbsp;Adatkezel?. K&eacute;rj&uuml;k, figyelmesen olvasd el jelen adatkezel&eacute;si t&aacute;j&eacute;koztat&oacute;nkat (a tov&aacute;bbiakban:&nbsp;T&aacute;j&eacute;koztat&oacute;), melyben szem&eacute;lyes adataid kezel&eacute;s&eacute;t &eacute;rint? gyakorlatunkat ismertetj&uuml;k az &Aacute;ltal&aacute;nos Adatv&eacute;delmi Rendelet (a GDPR, azaz az Eur&oacute;pai Parlament &eacute;s Tan&aacute;cs 2016\/679. rendelete) &hellip; <a title=\"Privacy Policy\" class=\"read-more\" href=\"https:\/\/heureka-kreativ.hu\/english\/privacy-policy\/\" aria-label=\"Read more about Adatkezel&eacute;si t&aacute;j&eacute;koztat&oacute;\">Read more<\/a><\/p>","protected":false},"author":1,"featured_media":0,"parent":0,"menu_order":0,"comment_status":"closed","ping_status":"closed","template":"","meta":{"footnotes":""},"class_list":["post-3","page","type-page","status-publish"],"_links":{"self":[{"href":"https:\/\/heureka-kreativ.hu\/english\/wp-json\/wp\/v2\/pages\/3","targetHints":{"allow":["GET"]}}],"collection":[{"href":"https:\/\/heureka-kreativ.hu\/english\/wp-json\/wp\/v2\/pages"}],"about":[{"href":"https:\/\/heureka-kreativ.hu\/english\/wp-json\/wp\/v2\/types\/page"}],"author":[{"embeddable":true,"href":"https:\/\/heureka-kreativ.hu\/english\/wp-json\/wp\/v2\/users\/1"}],"replies":[{"embeddable":true,"href":"https:\/\/heureka-kreativ.hu\/english\/wp-json\/wp\/v2\/comments?post=3"}],"version-history":[{"count":0,"href":"https:\/\/heureka-kreativ.hu\/english\/wp-json\/wp\/v2\/pages\/3\/revisions"}],"wp:attachment":[{"href":"https:\/\/heureka-kreativ.hu\/english\/wp-json\/wp\/v2\/media?parent=3"}],"curies":[{"name":"wp","href":"https:\/\/api.w.org\/{rel}","templated":true}]}}